{"id":1709,"date":"2024-03-05T15:16:56","date_gmt":"2024-03-05T15:16:56","guid":{"rendered":"https:\/\/desafiarviana.pt\/?page_id=1709"},"modified":"2025-09-24T14:11:09","modified_gmt":"2025-09-24T13:11:09","slug":"alugueres","status":"publish","type":"page","link":"https:\/\/desafiarviana.pt\/?page_id=1709","title":{"rendered":"Alugueres"},"content":{"rendered":"\t\t<div data-elementor-type=\"wp-page\" data-elementor-id=\"1709\" class=\"elementor elementor-1709\" data-elementor-post-type=\"page\">\n\t\t\t\t<div class=\"elementor-element elementor-element-661e4e2 e-flex e-con-boxed wpr-particle-no wpr-jarallax-no wpr-parallax-no wpr-sticky-section-no e-con e-parent\" data-id=\"661e4e2\" data-element_type=\"container\" data-core-v316-plus=\"true\">\n\t\t\t\t\t<div class=\"e-con-inner\">\n\t\t\t\t<div class=\"elementor-element elementor-element-4a4fe97 elementor-widget elementor-widget-heading\" data-id=\"4a4fe97\" data-element_type=\"widget\" data-widget_type=\"heading.default\">\n\t\t\t\t<div class=\"elementor-widget-container\">\n\t\t\t<style>\/*! elementor - v3.20.0 - 26-03-2024 *\/\n.elementor-heading-title{padding:0;margin:0;line-height:1}.elementor-widget-heading .elementor-heading-title[class*=elementor-size-]>a{color:inherit;font-size:inherit;line-height:inherit}.elementor-widget-heading .elementor-heading-title.elementor-size-small{font-size:15px}.elementor-widget-heading .elementor-heading-title.elementor-size-medium{font-size:19px}.elementor-widget-heading .elementor-heading-title.elementor-size-large{font-size:29px}.elementor-widget-heading .elementor-heading-title.elementor-size-xl{font-size:39px}.elementor-widget-heading .elementor-heading-title.elementor-size-xxl{font-size:59px}<\/style><h2 class=\"elementor-heading-title elementor-size-default\">Insufl\u00e1veis<\/h2>\t\t<\/div>\n\t\t\t\t<\/div>\n\t\t\t\t\t<\/div>\n\t\t\t\t<\/div>\n\t\t<div class=\"elementor-element elementor-element-b99941f e-flex e-con-boxed wpr-particle-no wpr-jarallax-no wpr-parallax-no wpr-sticky-section-no e-con e-parent\" data-id=\"b99941f\" data-element_type=\"container\" data-core-v316-plus=\"true\">\n\t\t\t\t\t<div class=\"e-con-inner\">\n\t\t<div class=\"elementor-element elementor-element-9a16e08 e-con-full e-flex wpr-particle-no wpr-jarallax-no wpr-parallax-no wpr-sticky-section-no e-con e-child\" data-id=\"9a16e08\" data-element_type=\"container\">\n\t\t\t\t<div class=\"elementor-element elementor-element-ecc0a73 elementor-widget elementor-widget-image\" data-id=\"ecc0a73\" data-element_type=\"widget\" data-widget_type=\"image.default\">\n\t\t\t\t<div class=\"elementor-widget-container\">\n\t\t\t<style>\/*! elementor - v3.20.0 - 26-03-2024 *\/\n.elementor-widget-image{text-align:center}.elementor-widget-image a{display:inline-block}.elementor-widget-image a img[src$=\".svg\"]{width:48px}.elementor-widget-image img{vertical-align:middle;display:inline-block}<\/style>\t\t\t\t\t\t\t\t\t\t\t<a href=\"https:\/\/desafiarviana.pt\/?page_id=1818\">\n\t\t\t\t\t\t\t<img fetchpriority=\"high\" decoding=\"async\" width=\"615\" height=\"480\" src=\"https:\/\/desafiarviana.pt\/wp-content\/uploads\/2024\/03\/Camada-0.png\" class=\"attachment-large size-large wp-image-1777\" alt=\"\" srcset=\"https:\/\/desafiarviana.pt\/wp-content\/uploads\/2024\/03\/Camada-0.png 615w, https:\/\/desafiarviana.pt\/wp-content\/uploads\/2024\/03\/Camada-0-300x234.png 300w\" sizes=\"(max-width: 615px) 100vw, 615px\" \/>\t\t\t\t\t\t\t\t<\/a>\n\t\t\t\t\t\t\t\t\t\t\t\t\t<\/div>\n\t\t\t\t<\/div>\n\t\t\t\t<div class=\"elementor-element elementor-element-d06a088 elementor-widget elementor-widget-heading\" data-id=\"d06a088\" data-element_type=\"widget\" data-widget_type=\"heading.default\">\n\t\t\t\t<div class=\"elementor-widget-container\">\n\t\t\t<h2 class=\"elementor-heading-title elementor-size-default\"><a href=\"https:\/\/desafiarviana.pt\/?page_id=1818\">Mini Divers\u00e3o<\/a><\/h2>\t\t<\/div>\n\t\t\t\t<\/div>\n\t\t\t\t<\/div>\n\t\t<div class=\"elementor-element elementor-element-31bcb82 e-con-full e-flex wpr-particle-no wpr-jarallax-no wpr-parallax-no wpr-sticky-section-no e-con e-child\" data-id=\"31bcb82\" data-element_type=\"container\">\n\t\t\t\t<div class=\"elementor-element elementor-element-3e38970 elementor-widget elementor-widget-image\" data-id=\"3e38970\" data-element_type=\"widget\" data-widget_type=\"image.default\">\n\t\t\t\t<div class=\"elementor-widget-container\">\n\t\t\t\t\t\t\t\t\t\t\t\t\t\t<a href=\"https:\/\/desafiarviana.pt\/?page_id=1747\">\n\t\t\t\t\t\t\t<img decoding=\"async\" width=\"600\" height=\"259\" src=\"https:\/\/desafiarviana.pt\/wp-content\/uploads\/2024\/04\/Imagem-WhatsApp-2024-03-16-as-20.00.48_dba60eb9.jpg\" class=\"attachment-large size-large wp-image-2103\" alt=\"\" srcset=\"https:\/\/desafiarviana.pt\/wp-content\/uploads\/2024\/04\/Imagem-WhatsApp-2024-03-16-as-20.00.48_dba60eb9.jpg 600w, https:\/\/desafiarviana.pt\/wp-content\/uploads\/2024\/04\/Imagem-WhatsApp-2024-03-16-as-20.00.48_dba60eb9-300x130.jpg 300w\" sizes=\"(max-width: 600px) 100vw, 600px\" \/>\t\t\t\t\t\t\t\t<\/a>\n\t\t\t\t\t\t\t\t\t\t\t\t\t<\/div>\n\t\t\t\t<\/div>\n\t\t\t\t<div class=\"elementor-element elementor-element-faeed40 elementor-widget elementor-widget-heading\" data-id=\"faeed40\" data-element_type=\"widget\" data-widget_type=\"heading.default\">\n\t\t\t\t<div class=\"elementor-widget-container\">\n\t\t\t<h2 class=\"elementor-heading-title elementor-size-default\"><a href=\"https:\/\/desafiarviana.pt\/?page_id=1747\">Divers\u00e3o Colorida<\/a><\/h2>\t\t<\/div>\n\t\t\t\t<\/div>\n\t\t\t\t<\/div>\n\t\t<div class=\"elementor-element elementor-element-2653c71 e-con-full e-flex wpr-particle-no wpr-jarallax-no wpr-parallax-no wpr-sticky-section-no e-con e-child\" data-id=\"2653c71\" data-element_type=\"container\">\n\t\t\t\t<div class=\"elementor-element elementor-element-4732155 elementor-widget elementor-widget-image\" data-id=\"4732155\" data-element_type=\"widget\" data-widget_type=\"image.default\">\n\t\t\t\t<div class=\"elementor-widget-container\">\n\t\t\t\t\t\t\t\t\t\t\t\t\t\t<a href=\"https:\/\/desafiarviana.pt\/?page_id=1733\">\n\t\t\t\t\t\t\t<img decoding=\"async\" width=\"1024\" height=\"607\" src=\"https:\/\/desafiarviana.pt\/wp-content\/uploads\/2024\/03\/Camada-20-1024x607.jpg\" class=\"attachment-large size-large wp-image-1775\" alt=\"\" srcset=\"https:\/\/desafiarviana.pt\/wp-content\/uploads\/2024\/03\/Camada-20-1024x607.jpg 1024w, https:\/\/desafiarviana.pt\/wp-content\/uploads\/2024\/03\/Camada-20-300x178.jpg 300w, https:\/\/desafiarviana.pt\/wp-content\/uploads\/2024\/03\/Camada-20-768x455.jpg 768w, https:\/\/desafiarviana.pt\/wp-content\/uploads\/2024\/03\/Camada-20-1536x911.jpg 1536w, https:\/\/desafiarviana.pt\/wp-content\/uploads\/2024\/03\/Camada-20-2048x1214.jpg 2048w\" sizes=\"(max-width: 1024px) 100vw, 1024px\" \/>\t\t\t\t\t\t\t\t<\/a>\n\t\t\t\t\t\t\t\t\t\t\t\t\t<\/div>\n\t\t\t\t<\/div>\n\t\t\t\t<div class=\"elementor-element elementor-element-e98c497 elementor-widget elementor-widget-heading\" data-id=\"e98c497\" data-element_type=\"widget\" data-widget_type=\"heading.default\">\n\t\t\t\t<div class=\"elementor-widget-container\">\n\t\t\t<h2 class=\"elementor-heading-title elementor-size-default\"><a href=\"https:\/\/desafiarviana.pt\/?page_id=1733\">Mega Escorrega<\/a><\/h2>\t\t<\/div>\n\t\t\t\t<\/div>\n\t\t\t\t<\/div>\n\t\t\t\t\t<\/div>\n\t\t\t\t<\/div>\n\t\t<div class=\"elementor-element elementor-element-2045061 e-flex e-con-boxed wpr-particle-no wpr-jarallax-no wpr-parallax-no wpr-sticky-section-no e-con e-parent\" data-id=\"2045061\" data-element_type=\"container\" data-core-v316-plus=\"true\">\n\t\t\t\t\t<div class=\"e-con-inner\">\n\t\t<div class=\"elementor-element elementor-element-99c8791 e-con-full e-flex wpr-particle-no wpr-jarallax-no wpr-parallax-no wpr-sticky-section-no e-con e-child\" data-id=\"99c8791\" data-element_type=\"container\">\n\t\t\t\t<div class=\"elementor-element elementor-element-85e33fd elementor-widget elementor-widget-image\" data-id=\"85e33fd\" data-element_type=\"widget\" data-widget_type=\"image.default\">\n\t\t\t\t<div class=\"elementor-widget-container\">\n\t\t\t\t\t\t\t\t\t\t\t\t\t\t<a href=\"https:\/\/desafiarviana.pt\/?page_id=2146\">\n\t\t\t\t\t\t\t<img loading=\"lazy\" decoding=\"async\" width=\"1536\" height=\"808\" src=\"https:\/\/desafiarviana.pt\/wp-content\/uploads\/2024\/04\/Imagem-WhatsApp-2024-04-06-as-17.27.51_a8c08e01-1-1536x808.jpg\" class=\"attachment-1536x1536 size-1536x1536 wp-image-2102\" alt=\"\" srcset=\"https:\/\/desafiarviana.pt\/wp-content\/uploads\/2024\/04\/Imagem-WhatsApp-2024-04-06-as-17.27.51_a8c08e01-1-1536x808.jpg 1536w, https:\/\/desafiarviana.pt\/wp-content\/uploads\/2024\/04\/Imagem-WhatsApp-2024-04-06-as-17.27.51_a8c08e01-1-300x158.jpg 300w, https:\/\/desafiarviana.pt\/wp-content\/uploads\/2024\/04\/Imagem-WhatsApp-2024-04-06-as-17.27.51_a8c08e01-1-1024x539.jpg 1024w, https:\/\/desafiarviana.pt\/wp-content\/uploads\/2024\/04\/Imagem-WhatsApp-2024-04-06-as-17.27.51_a8c08e01-1-768x404.jpg 768w, https:\/\/desafiarviana.pt\/wp-content\/uploads\/2024\/04\/Imagem-WhatsApp-2024-04-06-as-17.27.51_a8c08e01-1.jpg 1904w\" sizes=\"(max-width: 1536px) 100vw, 1536px\" \/>\t\t\t\t\t\t\t\t<\/a>\n\t\t\t\t\t\t\t\t\t\t\t\t\t<\/div>\n\t\t\t\t<\/div>\n\t\t\t\t<div class=\"elementor-element elementor-element-74f6de3 elementor-widget elementor-widget-heading\" data-id=\"74f6de3\" data-element_type=\"widget\" data-widget_type=\"heading.default\">\n\t\t\t\t<div class=\"elementor-widget-container\">\n\t\t\t<h2 class=\"elementor-heading-title elementor-size-default\"><a href=\"https:\/\/desafiarviana.pt\/?page_id=2146\">Pista Colorida<\/a><\/h2>\t\t<\/div>\n\t\t\t\t<\/div>\n\t\t\t\t<\/div>\n\t\t\t\t\t<\/div>\n\t\t\t\t<\/div>\n\t\t<div class=\"elementor-element elementor-element-bb468d3 e-flex e-con-boxed wpr-particle-no wpr-jarallax-no wpr-parallax-no wpr-sticky-section-no e-con e-parent\" data-id=\"bb468d3\" data-element_type=\"container\" data-core-v316-plus=\"true\">\n\t\t\t\t\t<div class=\"e-con-inner\">\n\t\t\t\t<div class=\"elementor-element elementor-element-bc25b3e elementor-widget elementor-widget-heading\" data-id=\"bc25b3e\" data-element_type=\"widget\" data-widget_type=\"heading.default\">\n\t\t\t\t<div class=\"elementor-widget-container\">\n\t\t\t<h2 class=\"elementor-heading-title elementor-size-default\">Camas El\u00e1sticas<\/h2>\t\t<\/div>\n\t\t\t\t<\/div>\n\t\t\t\t\t<\/div>\n\t\t\t\t<\/div>\n\t\t<div class=\"elementor-element elementor-element-f6012f1 e-flex e-con-boxed wpr-particle-no wpr-jarallax-no wpr-parallax-no wpr-sticky-section-no e-con e-parent\" data-id=\"f6012f1\" data-element_type=\"container\" data-core-v316-plus=\"true\">\n\t\t\t\t\t<div class=\"e-con-inner\">\n\t\t<div class=\"elementor-element elementor-element-5b786ae e-flex e-con-boxed wpr-particle-no wpr-jarallax-no wpr-parallax-no wpr-sticky-section-no e-con e-child\" data-id=\"5b786ae\" data-element_type=\"container\">\n\t\t\t\t\t<div class=\"e-con-inner\">\n\t\t<div class=\"elementor-element elementor-element-e9f0db2 e-con-full e-flex wpr-particle-no wpr-jarallax-no wpr-parallax-no wpr-sticky-section-no e-con e-child\" data-id=\"e9f0db2\" data-element_type=\"container\">\n\t\t\t\t<div class=\"elementor-element elementor-element-4100659 elementor-widget__width-initial elementor-widget elementor-widget-image\" data-id=\"4100659\" data-element_type=\"widget\" data-widget_type=\"image.default\">\n\t\t\t\t<div class=\"elementor-widget-container\">\n\t\t\t\t\t\t\t\t\t\t\t\t\t\t<a href=\"https:\/\/desafiarviana.pt\/?page_id=1848\">\n\t\t\t\t\t\t\t<img loading=\"lazy\" decoding=\"async\" width=\"1024\" height=\"1021\" src=\"https:\/\/desafiarviana.pt\/wp-content\/uploads\/2024\/03\/Camada-19-1024x1021.jpg\" class=\"attachment-large size-large wp-image-1778\" alt=\"\" srcset=\"https:\/\/desafiarviana.pt\/wp-content\/uploads\/2024\/03\/Camada-19-1024x1021.jpg 1024w, https:\/\/desafiarviana.pt\/wp-content\/uploads\/2024\/03\/Camada-19-300x300.jpg 300w, https:\/\/desafiarviana.pt\/wp-content\/uploads\/2024\/03\/Camada-19-150x150.jpg 150w, https:\/\/desafiarviana.pt\/wp-content\/uploads\/2024\/03\/Camada-19-768x766.jpg 768w, https:\/\/desafiarviana.pt\/wp-content\/uploads\/2024\/03\/Camada-19-1536x1532.jpg 1536w, https:\/\/desafiarviana.pt\/wp-content\/uploads\/2024\/03\/Camada-19.jpg 1557w\" sizes=\"(max-width: 1024px) 100vw, 1024px\" \/>\t\t\t\t\t\t\t\t<\/a>\n\t\t\t\t\t\t\t\t\t\t\t\t\t<\/div>\n\t\t\t\t<\/div>\n\t\t\t\t<div class=\"elementor-element elementor-element-c9b1ab5 elementor-widget elementor-widget-heading\" data-id=\"c9b1ab5\" data-element_type=\"widget\" data-widget_type=\"heading.default\">\n\t\t\t\t<div class=\"elementor-widget-container\">\n\t\t\t<h2 class=\"elementor-heading-title elementor-size-default\"><a href=\"https:\/\/desafiarviana.pt\/?page_id=1848\">Cama El\u00e1stica Pequena<\/a><\/h2>\t\t<\/div>\n\t\t\t\t<\/div>\n\t\t\t\t<\/div>\n\t\t<div class=\"elementor-element elementor-element-f6fc9f4 e-con-full e-flex wpr-particle-no wpr-jarallax-no wpr-parallax-no wpr-sticky-section-no e-con e-child\" data-id=\"f6fc9f4\" data-element_type=\"container\">\n\t\t\t\t<div class=\"elementor-element elementor-element-c011caf elementor-widget__width-initial elementor-widget elementor-widget-image\" data-id=\"c011caf\" data-element_type=\"widget\" data-widget_type=\"image.default\">\n\t\t\t\t<div class=\"elementor-widget-container\">\n\t\t\t\t\t\t\t\t\t\t\t\t\t\t<a href=\"https:\/\/desafiarviana.pt\/?page_id=1854\">\n\t\t\t\t\t\t\t<img loading=\"lazy\" decoding=\"async\" width=\"1024\" height=\"1024\" src=\"https:\/\/desafiarviana.pt\/wp-content\/uploads\/2024\/03\/trampolim-redondo-420-com-rede-de-protecao-1024x1024.jpg\" class=\"attachment-large size-large wp-image-1780\" alt=\"\" srcset=\"https:\/\/desafiarviana.pt\/wp-content\/uploads\/2024\/03\/trampolim-redondo-420-com-rede-de-protecao-1024x1024.jpg 1024w, https:\/\/desafiarviana.pt\/wp-content\/uploads\/2024\/03\/trampolim-redondo-420-com-rede-de-protecao-300x300.jpg 300w, https:\/\/desafiarviana.pt\/wp-content\/uploads\/2024\/03\/trampolim-redondo-420-com-rede-de-protecao-150x150.jpg 150w, https:\/\/desafiarviana.pt\/wp-content\/uploads\/2024\/03\/trampolim-redondo-420-com-rede-de-protecao-768x768.jpg 768w, https:\/\/desafiarviana.pt\/wp-content\/uploads\/2024\/03\/trampolim-redondo-420-com-rede-de-protecao-1536x1536.jpg 1536w, https:\/\/desafiarviana.pt\/wp-content\/uploads\/2024\/03\/trampolim-redondo-420-com-rede-de-protecao-2048x2048.jpg 2048w\" sizes=\"(max-width: 1024px) 100vw, 1024px\" \/>\t\t\t\t\t\t\t\t<\/a>\n\t\t\t\t\t\t\t\t\t\t\t\t\t<\/div>\n\t\t\t\t<\/div>\n\t\t\t\t<div class=\"elementor-element elementor-element-9ed943b elementor-widget elementor-widget-heading\" data-id=\"9ed943b\" data-element_type=\"widget\" data-widget_type=\"heading.default\">\n\t\t\t\t<div class=\"elementor-widget-container\">\n\t\t\t<h2 class=\"elementor-heading-title elementor-size-default\"><a href=\"https:\/\/desafiarviana.pt\/?page_id=1854\">Cama El\u00e1stica Grande<\/a><\/h2>\t\t<\/div>\n\t\t\t\t<\/div>\n\t\t\t\t<\/div>\n\t\t\t\t\t<\/div>\n\t\t\t\t<\/div>\n\t\t\t\t\t<\/div>\n\t\t\t\t<\/div>\n\t\t<div class=\"elementor-element elementor-element-11c0b03 e-flex e-con-boxed wpr-particle-no wpr-jarallax-no wpr-parallax-no wpr-sticky-section-no e-con e-parent\" data-id=\"11c0b03\" data-element_type=\"container\" data-core-v316-plus=\"true\">\n\t\t\t\t\t<div class=\"e-con-inner\">\n\t\t\t\t<div class=\"elementor-element elementor-element-c284213 elementor-widget elementor-widget-heading\" data-id=\"c284213\" data-element_type=\"widget\" data-widget_type=\"heading.default\">\n\t\t\t\t<div class=\"elementor-widget-container\">\n\t\t\t<h2 class=\"elementor-heading-title elementor-size-default\">Insufl\u00e1veis com Camas El\u00e1sticas<\/h2>\t\t<\/div>\n\t\t\t\t<\/div>\n\t\t\t\t\t<\/div>\n\t\t\t\t<\/div>\n\t\t<div class=\"elementor-element elementor-element-89f6a8e e-flex e-con-boxed wpr-particle-no wpr-jarallax-no wpr-parallax-no wpr-sticky-section-no e-con e-parent\" data-id=\"89f6a8e\" data-element_type=\"container\" data-core-v316-plus=\"true\">\n\t\t\t\t\t<div class=\"e-con-inner\">\n\t\t<div class=\"elementor-element elementor-element-a146601 e-con-full e-flex wpr-particle-no wpr-jarallax-no wpr-parallax-no wpr-sticky-section-no e-con e-child\" data-id=\"a146601\" data-element_type=\"container\">\n\t\t\t\t<div class=\"elementor-element elementor-element-74b11d2 elementor-widget elementor-widget-image\" data-id=\"74b11d2\" data-element_type=\"widget\" data-widget_type=\"image.default\">\n\t\t\t\t<div class=\"elementor-widget-container\">\n\t\t\t\t\t\t\t\t\t\t\t\t\t<img loading=\"lazy\" decoding=\"async\" width=\"1024\" height=\"768\" src=\"https:\/\/desafiarviana.pt\/wp-content\/uploads\/2024\/05\/Prancheta-1.png\" class=\"attachment-large size-large wp-image-2307\" alt=\"\" srcset=\"https:\/\/desafiarviana.pt\/wp-content\/uploads\/2024\/05\/Prancheta-1.png 1024w, https:\/\/desafiarviana.pt\/wp-content\/uploads\/2024\/05\/Prancheta-1-300x225.png 300w, https:\/\/desafiarviana.pt\/wp-content\/uploads\/2024\/05\/Prancheta-1-768x576.png 768w\" sizes=\"(max-width: 1024px) 100vw, 1024px\" \/>\t\t\t\t\t\t\t\t\t\t\t\t\t<\/div>\n\t\t\t\t<\/div>\n\t\t\t\t<\/div>\n\t\t<div class=\"elementor-element elementor-element-1a8b228 e-con-full e-flex wpr-particle-no wpr-jarallax-no wpr-parallax-no wpr-sticky-section-no e-con e-child\" data-id=\"1a8b228\" data-element_type=\"container\">\n\t\t\t\t<div class=\"elementor-element elementor-element-d25db4b elementor-widget elementor-widget-image\" data-id=\"d25db4b\" data-element_type=\"widget\" data-widget_type=\"image.default\">\n\t\t\t\t<div class=\"elementor-widget-container\">\n\t\t\t\t\t\t\t\t\t\t\t\t\t<img loading=\"lazy\" decoding=\"async\" width=\"1024\" height=\"768\" src=\"https:\/\/desafiarviana.pt\/wp-content\/uploads\/2024\/05\/Prancheta-1-1.png\" class=\"attachment-large size-large wp-image-2309\" alt=\"\" srcset=\"https:\/\/desafiarviana.pt\/wp-content\/uploads\/2024\/05\/Prancheta-1-1.png 1024w, https:\/\/desafiarviana.pt\/wp-content\/uploads\/2024\/05\/Prancheta-1-1-300x225.png 300w, https:\/\/desafiarviana.pt\/wp-content\/uploads\/2024\/05\/Prancheta-1-1-768x576.png 768w\" sizes=\"(max-width: 1024px) 100vw, 1024px\" \/>\t\t\t\t\t\t\t\t\t\t\t\t\t<\/div>\n\t\t\t\t<\/div>\n\t\t\t\t<\/div>\n\t\t\t\t\t<\/div>\n\t\t\t\t<\/div>\n\t\t<div class=\"elementor-element elementor-element-cd55b5e e-flex e-con-boxed wpr-particle-no wpr-jarallax-no wpr-parallax-no wpr-sticky-section-no e-con e-parent\" data-id=\"cd55b5e\" data-element_type=\"container\" data-core-v316-plus=\"true\">\n\t\t\t\t\t<div class=\"e-con-inner\">\n\t\t\t\t<div class=\"elementor-element elementor-element-9bf3b87 elementor-widget elementor-widget-image\" data-id=\"9bf3b87\" data-element_type=\"widget\" data-widget_type=\"image.default\">\n\t\t\t\t<div class=\"elementor-widget-container\">\n\t\t\t\t\t\t\t\t\t\t\t\t\t<img loading=\"lazy\" decoding=\"async\" width=\"1024\" height=\"768\" src=\"https:\/\/desafiarviana.pt\/wp-content\/uploads\/2024\/05\/Prancheta-1-3.png\" class=\"attachment-large size-large wp-image-2314\" alt=\"\" srcset=\"https:\/\/desafiarviana.pt\/wp-content\/uploads\/2024\/05\/Prancheta-1-3.png 1024w, https:\/\/desafiarviana.pt\/wp-content\/uploads\/2024\/05\/Prancheta-1-3-300x225.png 300w, https:\/\/desafiarviana.pt\/wp-content\/uploads\/2024\/05\/Prancheta-1-3-768x576.png 768w\" sizes=\"(max-width: 1024px) 100vw, 1024px\" \/>\t\t\t\t\t\t\t\t\t\t\t\t\t<\/div>\n\t\t\t\t<\/div>\n\t\t\t\t\t<\/div>\n\t\t\t\t<\/div>\n\t\t\t\t<\/div>\n\t\t","protected":false},"excerpt":{"rendered":"<p>Insufl\u00e1veis Mini Divers\u00e3o Divers\u00e3o Colorida Mega Escorrega Pista Colorida Camas El\u00e1sticas Cama El\u00e1stica Pequena Cama El\u00e1stica Grande Insufl\u00e1veis com Camas El\u00e1sticas<\/p>\n","protected":false},"author":1,"featured_media":0,"parent":0,"menu_order":0,"comment_status":"closed","ping_status":"closed","template":"","meta":{"om_disable_all_campaigns":false,"_monsterinsights_skip_tracking":false,"_monsterinsights_sitenote_active":false,"_monsterinsights_sitenote_note":"","_monsterinsights_sitenote_category":0,"_uf_show_specific_survey":0,"_uf_disable_surveys":false,"_ti_tpc_template_sync":false,"_ti_tpc_template_id":"","footnotes":""},"class_list":["post-1709","page","type-page","status-publish","hentry"],"aioseo_notices":[],"_links":{"self":[{"href":"https:\/\/desafiarviana.pt\/index.php?rest_route=\/wp\/v2\/pages\/1709","targetHints":{"allow":["GET"]}}],"collection":[{"href":"https:\/\/desafiarviana.pt\/index.php?rest_route=\/wp\/v2\/pages"}],"about":[{"href":"https:\/\/desafiarviana.pt\/index.php?rest_route=\/wp\/v2\/types\/page"}],"author":[{"embeddable":true,"href":"https:\/\/desafiarviana.pt\/index.php?rest_route=\/wp\/v2\/users\/1"}],"replies":[{"embeddable":true,"href":"https:\/\/desafiarviana.pt\/index.php?rest_route=%2Fwp%2Fv2%2Fcomments&post=1709"}],"version-history":[{"count":67,"href":"https:\/\/desafiarviana.pt\/index.php?rest_route=\/wp\/v2\/pages\/1709\/revisions"}],"predecessor-version":[{"id":2554,"href":"https:\/\/desafiarviana.pt\/index.php?rest_route=\/wp\/v2\/pages\/1709\/revisions\/2554"}],"wp:attachment":[{"href":"https:\/\/desafiarviana.pt\/index.php?rest_route=%2Fwp%2Fv2%2Fmedia&parent=1709"}],"curies":[{"name":"wp","href":"https:\/\/api.w.org\/{rel}","templated":true}]}}