{"id":191,"date":"2016-08-26T11:56:37","date_gmt":"2016-08-26T11:56:37","guid":{"rendered":"https:\/\/desafiarviana.pt\/?page_id=191"},"modified":"2024-04-06T17:13:57","modified_gmt":"2024-04-06T16:13:57","slug":"about-style-2","status":"publish","type":"page","link":"https:\/\/desafiarviana.pt\/?page_id=191","title":{"rendered":"About Style 2"},"content":{"rendered":"\t\t<div data-elementor-type=\"wp-page\" data-elementor-id=\"191\" class=\"elementor elementor-191\" data-elementor-post-type=\"page\">\n\t\t\t\t<div class=\"elementor-element elementor-element-c6c4c85 e-flex e-con-boxed wpr-particle-no wpr-jarallax-no wpr-parallax-no wpr-sticky-section-no e-con e-parent\" data-id=\"c6c4c85\" data-element_type=\"container\" data-core-v316-plus=\"true\">\n\t\t\t\t\t<div class=\"e-con-inner\">\n\t\t\t\t<div class=\"elementor-element elementor-element-da50ed4 elementor-widget elementor-widget-heading\" data-id=\"da50ed4\" data-element_type=\"widget\" data-widget_type=\"heading.default\">\n\t\t\t\t<div class=\"elementor-widget-container\">\n\t\t\t<style>\/*! elementor - v3.20.0 - 26-03-2024 *\/\n.elementor-heading-title{padding:0;margin:0;line-height:1}.elementor-widget-heading .elementor-heading-title[class*=elementor-size-]>a{color:inherit;font-size:inherit;line-height:inherit}.elementor-widget-heading .elementor-heading-title.elementor-size-small{font-size:15px}.elementor-widget-heading .elementor-heading-title.elementor-size-medium{font-size:19px}.elementor-widget-heading .elementor-heading-title.elementor-size-large{font-size:29px}.elementor-widget-heading .elementor-heading-title.elementor-size-xl{font-size:39px}.elementor-widget-heading .elementor-heading-title.elementor-size-xxl{font-size:59px}<\/style><h2 class=\"elementor-heading-title elementor-size-default\">Tudo sobre n\u00f3s<\/h2>\t\t<\/div>\n\t\t\t\t<\/div>\n\t\t\t\t\t<\/div>\n\t\t\t\t<\/div>\n\t\t<div class=\"elementor-element elementor-element-5c6095e e-flex e-con-boxed wpr-particle-no wpr-jarallax-no wpr-parallax-no wpr-sticky-section-no e-con e-parent\" data-id=\"5c6095e\" data-element_type=\"container\" data-core-v316-plus=\"true\">\n\t\t\t\t\t<div class=\"e-con-inner\">\n\t\t<div class=\"elementor-element elementor-element-94c85e4 e-con-full e-flex wpr-particle-no wpr-jarallax-no wpr-parallax-no wpr-sticky-section-no e-con e-child\" data-id=\"94c85e4\" data-element_type=\"container\">\n\t\t\t\t<div class=\"elementor-element elementor-element-de37b34 elementor-widget elementor-widget-image\" data-id=\"de37b34\" data-element_type=\"widget\" data-widget_type=\"image.default\">\n\t\t\t\t<div class=\"elementor-widget-container\">\n\t\t\t<style>\/*! elementor - v3.20.0 - 26-03-2024 *\/\n.elementor-widget-image{text-align:center}.elementor-widget-image a{display:inline-block}.elementor-widget-image a img[src$=\".svg\"]{width:48px}.elementor-widget-image img{vertical-align:middle;display:inline-block}<\/style>\t\t\t\t\t\t\t\t\t\t<img fetchpriority=\"high\" decoding=\"async\" width=\"773\" height=\"1024\" src=\"https:\/\/desafiarviana.pt\/wp-content\/uploads\/2024\/04\/Imagem-WhatsApp-2024-04-06-as-17.13.35_f8696f55-773x1024.jpg\" class=\"attachment-large size-large wp-image-2083\" alt=\"\" srcset=\"https:\/\/desafiarviana.pt\/wp-content\/uploads\/2024\/04\/Imagem-WhatsApp-2024-04-06-as-17.13.35_f8696f55-773x1024.jpg 773w, https:\/\/desafiarviana.pt\/wp-content\/uploads\/2024\/04\/Imagem-WhatsApp-2024-04-06-as-17.13.35_f8696f55-226x300.jpg 226w, https:\/\/desafiarviana.pt\/wp-content\/uploads\/2024\/04\/Imagem-WhatsApp-2024-04-06-as-17.13.35_f8696f55-768x1018.jpg 768w, https:\/\/desafiarviana.pt\/wp-content\/uploads\/2024\/04\/Imagem-WhatsApp-2024-04-06-as-17.13.35_f8696f55.jpg 797w\" sizes=\"(max-width: 773px) 100vw, 773px\" \/>\t\t\t\t\t\t\t\t\t\t\t\t\t<\/div>\n\t\t\t\t<\/div>\n\t\t\t\t<\/div>\n\t\t<div class=\"elementor-element elementor-element-3170bad e-con-full e-flex wpr-particle-no wpr-jarallax-no wpr-parallax-no wpr-sticky-section-no e-con e-child\" data-id=\"3170bad\" data-element_type=\"container\">\n\t\t\t\t<div class=\"elementor-element elementor-element-7c63f8f elementor-widget elementor-widget-text-editor\" data-id=\"7c63f8f\" data-element_type=\"widget\" data-widget_type=\"text-editor.default\">\n\t\t\t\t<div class=\"elementor-widget-container\">\n\t\t\t<style>\/*! elementor - v3.20.0 - 26-03-2024 *\/\n.elementor-widget-text-editor.elementor-drop-cap-view-stacked .elementor-drop-cap{background-color:#69727d;color:#fff}.elementor-widget-text-editor.elementor-drop-cap-view-framed .elementor-drop-cap{color:#69727d;border:3px solid;background-color:transparent}.elementor-widget-text-editor:not(.elementor-drop-cap-view-default) .elementor-drop-cap{margin-top:8px}.elementor-widget-text-editor:not(.elementor-drop-cap-view-default) .elementor-drop-cap-letter{width:1em;height:1em}.elementor-widget-text-editor .elementor-drop-cap{float:left;text-align:center;line-height:1;font-size:50px}.elementor-widget-text-editor .elementor-drop-cap-letter{display:inline-block}<\/style>\t\t\t\t<p>Localizada em Viana do Castelo, a Desafiar Viana (RNAAT Registo n.\u00ba 204\/2019) nasce da vontade de quatro amigos com o \u00fanico prop\u00f3sito de promover boa disposi\u00e7\u00e3o, espalhando sorrisos e proporcionando dias inesquec\u00edveis rodeado das pessoas mais importantes.<br \/>Atrav\u00e9s das nossas atividades, divididas pelas diferentes experi\u00eancias<br \/>Paintball<br \/>Bubble soccer<br \/>Festas de anivers\u00e1rio<br \/>Alugueres<br \/>ATL&#8217;s<\/p><p><br \/>Sentimos o prazer de contactar com pessoas de todas as faixas et\u00e1rias.<br \/>O fator seguran\u00e7a \u00e9 um dos aspetos que privilegiamos pelo que dispomos de equipamento adequados ao cliente e as nossas atividades s\u00e3o cobertas por um seguro de acidentes pessoais grupo (Ap\u00f3lice 205082824) e responsabilidade civil (Ap\u00f3lice 205082796). <br \/>Todos os nossos colaboradores se regem pela simpatia, dedica\u00e7\u00e3o, compromisso e responsabilidade.<\/p>\t\t\t\t\t\t<\/div>\n\t\t\t\t<\/div>\n\t\t\t\t<\/div>\n\t\t\t\t\t<\/div>\n\t\t\t\t<\/div>\n\t\t\t\t<\/div>\n\t\t","protected":false},"excerpt":{"rendered":"<p>Tudo sobre n\u00f3s Localizada em Viana do Castelo, a Desafiar Viana (RNAAT Registo n.\u00ba 204\/2019) nasce da vontade de quatro amigos com o \u00fanico prop\u00f3sito de promover boa disposi\u00e7\u00e3o, espalhando sorrisos e proporcionando dias inesquec\u00edveis rodeado das pessoas mais importantes.Atrav\u00e9s das nossas atividades, divididas pelas diferentes experi\u00eanciasPaintballBubble soccerFestas de anivers\u00e1rioAlugueresATL&#8217;s Sentimos o prazer de contactar [&hellip;]<\/p>\n","protected":false},"author":1,"featured_media":0,"parent":0,"menu_order":0,"comment_status":"closed","ping_status":"closed","template":"","meta":{"om_disable_all_campaigns":false,"_monsterinsights_skip_tracking":false,"_monsterinsights_sitenote_active":false,"_monsterinsights_sitenote_note":"","_monsterinsights_sitenote_category":0,"_uf_show_specific_survey":0,"_uf_disable_surveys":false,"_ti_tpc_template_sync":false,"_ti_tpc_template_id":"","footnotes":""},"class_list":["post-191","page","type-page","status-publish","hentry"],"aioseo_notices":[],"_links":{"self":[{"href":"https:\/\/desafiarviana.pt\/index.php?rest_route=\/wp\/v2\/pages\/191","targetHints":{"allow":["GET"]}}],"collection":[{"href":"https:\/\/desafiarviana.pt\/index.php?rest_route=\/wp\/v2\/pages"}],"about":[{"href":"https:\/\/desafiarviana.pt\/index.php?rest_route=\/wp\/v2\/types\/page"}],"author":[{"embeddable":true,"href":"https:\/\/desafiarviana.pt\/index.php?rest_route=\/wp\/v2\/users\/1"}],"replies":[{"embeddable":true,"href":"https:\/\/desafiarviana.pt\/index.php?rest_route=%2Fwp%2Fv2%2Fcomments&post=191"}],"version-history":[{"count":18,"href":"https:\/\/desafiarviana.pt\/index.php?rest_route=\/wp\/v2\/pages\/191\/revisions"}],"predecessor-version":[{"id":2086,"href":"https:\/\/desafiarviana.pt\/index.php?rest_route=\/wp\/v2\/pages\/191\/revisions\/2086"}],"wp:attachment":[{"href":"https:\/\/desafiarviana.pt\/index.php?rest_route=%2Fwp%2Fv2%2Fmedia&parent=191"}],"curies":[{"name":"wp","href":"https:\/\/api.w.org\/{rel}","templated":true}]}}